{"id":12,"date":"2025-09-16T13:20:59","date_gmt":"2025-09-16T13:20:59","guid":{"rendered":"https:\/\/caziberestaurant.com\/?page_id=12"},"modified":"2025-09-23T18:24:25","modified_gmt":"2025-09-23T18:24:25","slug":"iletisim","status":"publish","type":"page","link":"https:\/\/caziberestaurant.com\/en\/iletisim\/","title":{"rendered":"Contact"},"content":{"rendered":"<div data-elementor-type=\"wp-page\" data-elementor-id=\"12\" class=\"elementor elementor-12\">\n\t\t\t\t<div class=\"elementor-element elementor-element-1ea58c42 e-con-full e-flex e-con e-parent\" data-id=\"1ea58c42\" data-element_type=\"container\" data-settings=\"{&quot;background_background&quot;:&quot;classic&quot;}\">\n\t\t<div class=\"elementor-element elementor-element-5310fbc5 e-con-full e-flex e-con e-child\" data-id=\"5310fbc5\" data-element_type=\"container\">\n\t\t\t\t<div class=\"elementor-element elementor-element-4c1bb58a elementor-widget elementor-widget-image\" data-id=\"4c1bb58a\" data-element_type=\"widget\" data-widget_type=\"image.default\">\n\t\t\t\t\t\t\t\t\t\t\t\t\t\t\t<img fetchpriority=\"high\" decoding=\"async\" width=\"659\" height=\"879\" src=\"https:\/\/caziberestaurant.com\/wp-content\/uploads\/2025\/09\/20250913_221119.jpg\" class=\"attachment-large size-large wp-image-61\" alt=\"\" srcset=\"https:\/\/caziberestaurant.com\/wp-content\/uploads\/2025\/09\/20250913_221119.jpg 659w, https:\/\/caziberestaurant.com\/wp-content\/uploads\/2025\/09\/20250913_221119-225x300.jpg 225w\" sizes=\"(max-width: 659px) 100vw, 659px\" \/>\t\t\t\t\t\t\t\t\t\t\t\t\t\t\t<\/div>\n\t\t\t\t<\/div>\n\t\t<div class=\"elementor-element elementor-element-5a57dc40 e-con-full e-flex e-con e-child\" data-id=\"5a57dc40\" data-element_type=\"container\">\n\t\t\t\t<div class=\"elementor-element elementor-element-2773582 elementor-widget elementor-widget-heading\" data-id=\"2773582\" data-element_type=\"widget\" data-widget_type=\"heading.default\">\n\t\t\t\t\t<h2 class=\"elementor-heading-title elementor-size-default\">CONTACT US<\/h2>\t\t\t\t<\/div>\n\t\t\t\t<div class=\"elementor-element elementor-element-4c9fe801 elementor-align-left elementor-icon-list--layout-traditional elementor-list-item-link-full_width elementor-widget elementor-widget-icon-list\" data-id=\"4c9fe801\" data-element_type=\"widget\" data-widget_type=\"icon-list.default\">\n\t\t\t\t\t\t\t<ul class=\"elementor-icon-list-items\">\n\t\t\t\t\t\t\t<li class=\"elementor-icon-list-item\">\n\t\t\t\t\t\t\t\t\t\t<span class=\"elementor-icon-list-text\"><b>Adress<\/b>  Kocatepe, Sht. Muhtar Bey Cd. No2 Kat1<\/span>\n\t\t\t\t\t\t\t\t\t<\/li>\n\t\t\t\t\t\t\t\t<li class=\"elementor-icon-list-item\">\n\t\t\t\t\t\t\t\t\t\t<span class=\"elementor-icon-list-text\"><b>Telephone<\/b> +905324450179<\/span>\n\t\t\t\t\t\t\t\t\t<\/li>\n\t\t\t\t\t\t\t\t<li class=\"elementor-icon-list-item\">\n\t\t\t\t\t\t\t\t\t\t<span class=\"elementor-icon-list-text\"><b>Email:<\/b> info@caziberestaurant.com<\/span>\n\t\t\t\t\t\t\t\t\t<\/li>\n\t\t\t\t\t\t<\/ul>\n\t\t\t\t\t\t<\/div>\n\t\t\t\t<\/div>\n\t\t\t\t<\/div>\n\t\t<div class=\"elementor-element elementor-element-4805cbf7 e-con-full e-flex e-con e-parent\" data-id=\"4805cbf7\" data-element_type=\"container\">\n\t\t<div class=\"elementor-element elementor-element-ac023df e-con-full e-flex e-con e-child\" data-id=\"ac023df\" data-element_type=\"container\" data-settings=\"{&quot;background_background&quot;:&quot;classic&quot;}\">\n\t\t\t\t<div class=\"elementor-element elementor-element-37b97afe elementor-widget elementor-widget-google_maps\" data-id=\"37b97afe\" data-element_type=\"widget\" data-widget_type=\"google_maps.default\">\n\t\t\t\t\t\t\t<div class=\"elementor-custom-embed\">\n\t\t\t<iframe loading=\"lazy\"\n\t\t\t\t\tsrc=\"https:\/\/maps.google.com\/maps?q=%20Kocatepe%2C%20%C5%9Eht.%20Muhtar%20Bey%20Cd.%20No2%20Kat1%2C%2034437%20Beyo%C4%9Flu%2F%C4%B0stanbul&#038;t=m&#038;z=18&#038;output=embed&#038;iwloc=near\"\n\t\t\t\t\ttitle=\" Kocatepe, Sht. Muhtar Bey Cd. No2 Kat1, 34437 Beyoglu\/Istanbul\"\n\t\t\t\t\taria-label=\" Kocatepe, Sht. Muhtar Bey Cd. No2 Kat1, 34437 Beyoglu\/Istanbul\"\n\t\t\t><\/iframe>\n\t\t<\/div>\n\t\t\t\t\t\t<\/div>\n\t\t\t\t<\/div>\n\t\t<div class=\"elementor-element elementor-element-282e2681 e-con-full e-flex e-con e-child\" data-id=\"282e2681\" data-element_type=\"container\">\n\t\t\t\t<div class=\"elementor-element elementor-element-39fd4e01 elementor-widget elementor-widget-heading\" data-id=\"39fd4e01\" data-element_type=\"widget\" data-widget_type=\"heading.default\">\n\t\t\t\t\t<h2 class=\"elementor-heading-title elementor-size-default\"><a href=\"https:\/\/www.google.com\/maps\/place\/Cazibe+Restaurant+Bar\/@41.0383375,28.9823052,17z\/data=!3m1!4b1!4m6!3m5!1s0x14cab7cd71539edb:0x3a3347b1ef9ca5e5!8m2!3d41.0383375!4d28.9848801!16s%2Fg%2F11xs7vz7nm?authuser=0&#038;entry=ttu&#038;g_ep=EgoyMDI1MDkxNS4wIKXMDSoASAFQAw%3D%3D\">LOCATION<\/a><\/h2>\t\t\t\t<\/div>\n\t\t\t\t<div class=\"elementor-element elementor-element-4cadbc47 elementor-widget elementor-widget-icon-box\" data-id=\"4cadbc47\" data-element_type=\"widget\" data-widget_type=\"icon-box.default\">\n\t\t\t\t\t\t\t<div class=\"elementor-icon-box-wrapper\">\n\n\t\t\t\n\t\t\t\t\t\t<div class=\"elementor-icon-box-content\">\n\n\t\t\t\t\t\t\t\t\t<h4 class=\"elementor-icon-box-title\">\n\t\t\t\t\t\t<span  >\n\t\t\t\t\t\t\tAddress\t\t\t\t\t\t<\/span>\n\t\t\t\t\t<\/h4>\n\t\t\t\t\n\t\t\t\t\t\t\t\t\t<p class=\"elementor-icon-box-description\">\n\t\t\t\t\t\t Kocatepe, Sht. Muhtar Bey Cd. No2 Kat1 Beyoglu Istanbul\n\t\t\t\t\t<\/p>\n\t\t\t\t\n\t\t\t<\/div>\n\t\t\t\n\t\t<\/div>\n\t\t\t\t\t\t<\/div>\n\t\t\t\t<\/div>\n\t\t\t\t<\/div>\n\t\t\t\t<\/div>","protected":false},"excerpt":{"rendered":"<p>\u0130LET\u0130\u015e\u0130M Adress Kocatepe, \u015eht. Muhtar Bey Cd. No2 Kat1 Telefon [&hellip;]<\/p>","protected":false},"author":1,"featured_media":13,"parent":0,"menu_order":0,"comment_status":"closed","ping_status":"closed","template":"templates\/template-page-full-width.php","meta":{"footnotes":""},"class_list":["post-12","page","type-page","status-publish","has-post-thumbnail","hentry"],"_links":{"self":[{"href":"https:\/\/caziberestaurant.com\/en\/wp-json\/wp\/v2\/pages\/12","targetHints":{"allow":["GET"]}}],"collection":[{"href":"https:\/\/caziberestaurant.com\/en\/wp-json\/wp\/v2\/pages"}],"about":[{"href":"https:\/\/caziberestaurant.com\/en\/wp-json\/wp\/v2\/types\/page"}],"author":[{"embeddable":true,"href":"https:\/\/caziberestaurant.com\/en\/wp-json\/wp\/v2\/users\/1"}],"replies":[{"embeddable":true,"href":"https:\/\/caziberestaurant.com\/en\/wp-json\/wp\/v2\/comments?post=12"}],"version-history":[{"count":22,"href":"https:\/\/caziberestaurant.com\/en\/wp-json\/wp\/v2\/pages\/12\/revisions"}],"predecessor-version":[{"id":209,"href":"https:\/\/caziberestaurant.com\/en\/wp-json\/wp\/v2\/pages\/12\/revisions\/209"}],"wp:featuredmedia":[{"embeddable":true,"href":"https:\/\/caziberestaurant.com\/en\/wp-json\/wp\/v2\/media\/13"}],"wp:attachment":[{"href":"https:\/\/caziberestaurant.com\/en\/wp-json\/wp\/v2\/media?parent=12"}],"curies":[{"name":"wp","href":"https:\/\/api.w.org\/{rel}","templated":true}]}}